{"id":13,"date":"2013-02-04T13:02:11","date_gmt":"2013-02-04T13:02:11","guid":{"rendered":"http:\/\/www.kastachocen.cz\/?page_id=13"},"modified":"2024-04-25T19:15:22","modified_gmt":"2024-04-25T19:15:22","slug":"o-nas","status":"publish","type":"page","link":"https:\/\/www.kastachocen.cz\/?page_id=13","title":{"rendered":"Stavebn\u00ed firma Kasta, spol. s r.o."},"content":{"rendered":"<p style=\"text-align: left;\"><strong>Stavebn\u00ed firma Kasta, spol. s r.o.<\/strong> pat\u0159\u00ed mezi st\u0159edn\u011b velk\u00e9 stavebn\u00ed firmy se s\u00eddlem v <strong>Chocni<\/strong>. Firma Kasta vznikla v roce 1991 z privatizuj\u00edc\u00edho se Okresn\u00edho stavebn\u00edho podniku v Chocni. V sou\u010dasnosti zam\u011bstn\u00e1v\u00e1me p\u0159ibli\u017en\u011b <strong>10 kvalifikovan\u00fdch pracovn\u00edk\u016f<\/strong>. Disponujeme dostate\u010dn\u011b <strong>siln\u00fdm a kvalitn\u00edm lidsk\u00fdm, technick\u00fdm a finan\u010dn\u00edm z\u00e1zem\u00edm<\/strong>, abychom mohli b\u00fdt na\u0161im z\u00e1kazn\u00edk\u016fm <strong>spolehliv\u00fdm a u\u017eite\u010dn\u00fdm partnerem<\/strong>.<\/p>\n<p style=\"text-align: left;\">C\u00edlem na\u0161\u00ed firmy je <strong>dosa\u017een\u00ed vysok\u00e9 kvality nab\u00edzen\u00fdch slu\u017eeb a spokojenost z\u00e1kazn\u00edka.<\/strong> P\u0159esv\u011bd\u010dte se o kvalit\u011b na\u0161ich slu\u017eeb, op\u00edraj\u00edc\u00edch se o rozumnou <strong>cenovou \u00farove\u0148, solidnost, kvalitu proveden\u00e9 pr\u00e1ce a dodr\u017eov\u00e1n\u00ed term\u00edn\u016f realizace<\/strong>\u00a0v na\u0161ich <a title=\"Reference\" href=\"http:\/\/www.kastachocen.cz\/?page_id=9\">referenc\u00edch<\/a>.<\/p>\n<p>Stavebn\u00ed spole\u010dnost Kasta, spol. s\u00a0r.o. \u00a0je zapsan\u00e1 u Krajsk\u00e9ho soudu v Hradci Kr\u00e1lov\u00e9,\u00a0ve v\u00fdpisu z\u00a0obchodn\u00edho rejst\u0159\u00edku v\u00a0odd\u00edle C, vlo\u017eka 839.<\/p>\n<div class=\"grid col-300\"><\/div>\n<div class=\"grid col-300\"><\/div>\n<div class=\"grid col-300 fit\"><\/div>\n","protected":false},"excerpt":{"rendered":"<p>Stavebn\u00ed firma Kasta, spol. s r.o. pat\u0159\u00ed mezi st\u0159edn\u011b velk\u00e9 stavebn\u00ed firmy se s\u00eddlem v Chocni. Firma Kasta vznikla v roce 1991 z privatizuj\u00edc\u00edho se Okresn\u00edho stavebn\u00edho podniku v Chocni. V sou\u010dasnosti zam\u011bstn\u00e1v\u00e1me p\u0159ibli\u017en\u011b 10 kvalifikovan\u00fdch pracovn\u00edk\u016f. Disponujeme dostate\u010dn\u011b siln\u00fdm<span class=\"ellipsis\">&hellip;<\/span><\/p>\n<div class=\"read-more\"><a href=\"https:\/\/www.kastachocen.cz\/?page_id=13\">Dozv\u011bd\u011bt se v\u00edc &#8250;<\/a><\/div>\n<p><!-- end of .read-more --><\/p>\n","protected":false},"author":1,"featured_media":0,"parent":0,"menu_order":0,"comment_status":"closed","ping_status":"closed","template":"full-width-page.php","meta":[],"_links":{"self":[{"href":"https:\/\/www.kastachocen.cz\/index.php?rest_route=\/wp\/v2\/pages\/13"}],"collection":[{"href":"https:\/\/www.kastachocen.cz\/index.php?rest_route=\/wp\/v2\/pages"}],"about":[{"href":"https:\/\/www.kastachocen.cz\/index.php?rest_route=\/wp\/v2\/types\/page"}],"author":[{"embeddable":true,"href":"https:\/\/www.kastachocen.cz\/index.php?rest_route=\/wp\/v2\/users\/1"}],"replies":[{"embeddable":true,"href":"https:\/\/www.kastachocen.cz\/index.php?rest_route=%2Fwp%2Fv2%2Fcomments&post=13"}],"version-history":[{"count":26,"href":"https:\/\/www.kastachocen.cz\/index.php?rest_route=\/wp\/v2\/pages\/13\/revisions"}],"predecessor-version":[{"id":362,"href":"https:\/\/www.kastachocen.cz\/index.php?rest_route=\/wp\/v2\/pages\/13\/revisions\/362"}],"wp:attachment":[{"href":"https:\/\/www.kastachocen.cz\/index.php?rest_route=%2Fwp%2Fv2%2Fmedia&parent=13"}],"curies":[{"name":"wp","href":"https:\/\/api.w.org\/{rel}","templated":true}]}}