{"id":15,"date":"2013-02-04T13:02:28","date_gmt":"2013-02-04T13:02:28","guid":{"rendered":"http:\/\/www.kastachocen.cz\/?page_id=15"},"modified":"2023-03-17T13:15:02","modified_gmt":"2023-03-17T13:15:02","slug":"kontakt","status":"publish","type":"page","link":"https:\/\/www.kastachocen.cz\/?page_id=15","title":{"rendered":"Kontakt"},"content":{"rendered":"<div class=\"grid col-380\"><span style=\"text-decoration: underline;\"><span style=\"color: #000000;\"><b>Kancel\u00e1\u0159 &#8211; \u00a0adresa<\/b><\/span><\/span><br \/>\n<span style=\"color: #000000;\">Kasta,\u00a0spol.\u00a0s r.o<\/span><span style=\"color: #000000; font-family: Calibri;\">.<br \/>\nN\u00e1b\u0159e\u017e\u00ed 376<br \/>\n565 01 Choce\u0148<\/span><span style=\"color: #000000; font-family: Calibri;\"><br \/>\n<\/span><b><span style=\"color: #000000; font-family: Calibri;\">Ji\u0159\u00ed St\u00e1rek<\/span><\/b>\u2013 jednatel firmy<br \/>\n<b><span style=\"color: #000000; font-family: Calibri;\">Mobil:\u00a0\u00a0\u00a0\u00a0\u00a0\u00a0 <\/span><\/b><span style=\"color: #000000; font-family: Calibri;\">(+420) <\/span><span style=\"color: #000000; font-family: Calibri;\">731 506 015<\/span><\/div>\n<div class=\"grid col-380\"><\/div>\n<div class=\"grid col-380\"><span style=\"color: #000000; font-family: Calibri;\"><br \/>\n<\/span><b>E-mail<\/b>:<br \/>\n<b><span style=\"text-decoration: underline;\">starekjiri@centrum.cz<\/span><\/b><br \/>\n<b><\/b><b><span style=\"text-decoration: underline;\">starek@kastachocen.cz<\/span><\/b><\/div>\n<div class=\"grid col-380\"><\/div>\n<div class=\"grid col-380\"><\/div>\n<div class=\"grid col-380\"><span style=\"text-decoration: underline;\"><span style=\"color: #000000;\"><b>Faktura\u010dn\u00ed \u00fadaje<\/b><\/span><\/span><br \/>\n<span style=\"color: #000000;\">Kasta,\u00a0spol.\u00a0s r.o<\/span><span style=\"color: #000000; font-family: Calibri;\">.<br \/>\nPr\u016fmyslov\u00e1 1708<br \/>\n565 01 \u00a0Choce\u0148<br \/>\n<\/span><br \/>\n<strong><span style=\"color: #000000;\">I\u010cO<\/span><\/strong><span style=\"color: #000000;\">: 15030164<br \/>\n<\/span> <strong><span style=\"color: #000000;\">DI\u010c<\/span><\/strong><span style=\"color: #000000;\">: CZ15030164<br \/>\n<\/span><\/div>\n<div class=\"grid col-380\">\n<iframe loading=\"lazy\" style=\"border: none;\" src=\"https:\/\/frame.mapy.cz\/s\/keludujace\" height=\"240\" width=\"320\" frameborder=\"0\"><\/iframe><\/p>\n<\/div>\n<div class=\"grid col-540\">\n<h2>Kontaktn\u00ed formul\u00e1\u0159<\/h2>\n<div class=\"wpcf7\" id=\"wpcf7-f4-p15-o1\"><form action=\"\/index.php?rest_route=%2Fwp%2Fv2%2Fpages%2F15#wpcf7-f4-p15-o1\" method=\"post\" class=\"wpcf7-form\">\n<div style=\"display: none;\">\n<input type=\"hidden\" name=\"_wpcf7\" value=\"4\" \/>\n<input type=\"hidden\" name=\"_wpcf7_version\" value=\"3.3.3\" \/>\n<input type=\"hidden\" name=\"_wpcf7_unit_tag\" value=\"wpcf7-f4-p15-o1\" \/>\n<input type=\"hidden\" name=\"_wpnonce\" value=\"1133438499\" \/>\n<\/div>\n<p>Va\u0161e jm\u00e9no (vy\u017eadov\u00e1no)<br \/>\n    <span class=\"wpcf7-form-control-wrap your-name\"><input type=\"text\" name=\"your-name\" value=\"\" class=\"wpcf7-form-control wpcf7-text wpcf7-validates-as-required\" size=\"40\" \/><\/span> <\/p>\n<p>V\u00e1\u0161 email (vy\u017eadov\u00e1no)<br \/>\n    <span class=\"wpcf7-form-control-wrap your-email\"><input type=\"text\" name=\"your-email\" value=\"\" class=\"wpcf7-form-control wpcf7-text wpcf7-email wpcf7-validates-as-required wpcf7-validates-as-email\" size=\"40\" \/><\/span> <\/p>\n<p>P\u0159edm\u011bt<br \/>\n    <span class=\"wpcf7-form-control-wrap your-subject\"><input type=\"text\" name=\"your-subject\" value=\"\" class=\"wpcf7-form-control wpcf7-text\" size=\"40\" \/><\/span> <\/p>\n<p>Va\u0161e zpr\u00e1va<br \/>\n    <span class=\"wpcf7-form-control-wrap your-message\"><textarea name=\"your-message\" class=\"wpcf7-form-control  wpcf7-textarea\" cols=\"40\" rows=\"10\"><\/textarea><\/span> <\/p>\n<p>Kontroln\u00ed ot\u00e1zka: <span class=\"wpcf7-form-control-wrap quiz-587\"><span class=\"wpcf7-quiz-label\">1+1=?<\/span>&nbsp;<input type=\"text\" name=\"quiz-587\" class=\"wpcf7-form-control  wpcf7-quiz\" size=\"40\" \/><input type=\"hidden\" name=\"_wpcf7_quiz_answer_quiz-587\" value=\"bcedd9fc694745d9e6ed62b89c0c0365\" \/><\/span><\/p>\n<p><input type=\"submit\" value=\"Odeslat\" class=\"wpcf7-form-control  wpcf7-submit\" \/><\/p>\n<div class=\"wpcf7-response-output wpcf7-display-none\"><\/div><\/form><\/div>\n<\/div>\n<div class=\"grid-right col-300 fit\"><img class=\"aligncenter\" alt=\"\" src=\".\/wp-content\/themes\/responsive\/images\/kasta_chocen_lopata.gif\" \/><\/div>\n","protected":false},"excerpt":{"rendered":"<p>Kancel\u00e1\u0159 &#8211; \u00a0adresa Kasta,\u00a0spol.\u00a0s r.o. N\u00e1b\u0159e\u017e\u00ed 376 565 01 Choce\u0148 Ji\u0159\u00ed St\u00e1rek\u2013 jednatel firmy Mobil:\u00a0\u00a0\u00a0\u00a0\u00a0\u00a0 (+420) 731 506 015 E-mail: starekjiri@centrum.cz starek@kastachocen.cz Faktura\u010dn\u00ed \u00fadaje Kasta,\u00a0spol.\u00a0s r.o. Pr\u016fmyslov\u00e1 1708 565 01 \u00a0Choce\u0148 I\u010cO: 15030164 DI\u010c: CZ15030164 Kontaktn\u00ed formul\u00e1\u0159<\/p>\n","protected":false},"author":1,"featured_media":0,"parent":0,"menu_order":0,"comment_status":"closed","ping_status":"closed","template":"full-width-page.php","meta":[],"_links":{"self":[{"href":"https:\/\/www.kastachocen.cz\/index.php?rest_route=\/wp\/v2\/pages\/15"}],"collection":[{"href":"https:\/\/www.kastachocen.cz\/index.php?rest_route=\/wp\/v2\/pages"}],"about":[{"href":"https:\/\/www.kastachocen.cz\/index.php?rest_route=\/wp\/v2\/types\/page"}],"author":[{"embeddable":true,"href":"https:\/\/www.kastachocen.cz\/index.php?rest_route=\/wp\/v2\/users\/1"}],"replies":[{"embeddable":true,"href":"https:\/\/www.kastachocen.cz\/index.php?rest_route=%2Fwp%2Fv2%2Fcomments&post=15"}],"version-history":[{"count":53,"href":"https:\/\/www.kastachocen.cz\/index.php?rest_route=\/wp\/v2\/pages\/15\/revisions"}],"predecessor-version":[{"id":20,"href":"https:\/\/www.kastachocen.cz\/index.php?rest_route=\/wp\/v2\/pages\/15\/revisions\/20"}],"wp:attachment":[{"href":"https:\/\/www.kastachocen.cz\/index.php?rest_route=%2Fwp%2Fv2%2Fmedia&parent=15"}],"curies":[{"name":"wp","href":"https:\/\/api.w.org\/{rel}","templated":true}]}}