{"id":6,"date":"2013-02-04T13:00:42","date_gmt":"2013-02-04T13:00:42","guid":{"rendered":"http:\/\/www.kastachocen.cz\/?page_id=6"},"modified":"2024-04-25T19:18:55","modified_gmt":"2024-04-25T19:18:55","slug":"nase-sluzby","status":"publish","type":"page","link":"https:\/\/www.kastachocen.cz\/?page_id=6","title":{"rendered":"Na\u0161e slu\u017eby"},"content":{"rendered":"<p style=\"text-align: justify;\">C\u00edlem na\u0161\u00ed firmy je <strong>dosa\u017een\u00ed vysok\u00e9 kvality nab\u00edzen\u00fdch slu\u017eeb a spokojenost z\u00e1kazn\u00edka.<\/strong> P\u0159esv\u011bd\u010dte se o kvalit\u011b na\u0161ich slu\u017eeb, op\u00edraj\u00edc\u00edch se o <strong>rozumnou cenovou \u00farove\u0148, solidnost, kvalitu proveden\u00e9 pr\u00e1ce a dodr\u017eov\u00e1n\u00ed term\u00edn\u016f realizace<\/strong>\u00a0v na\u0161ich referenc\u00edch.<\/p>\n<p style=\"text-align: justify;\">Zam\u011b\u0159ujeme se p\u0159edev\u0161\u00edm na\u00a0<strong>realizaci staveb &#8222;na kl\u00ed\u010d&#8220;<\/strong>. V p\u0159\u00edpad\u011b z\u00e1jmu z\u00e1kazn\u00edka dod\u00e1v\u00e1me vybaven\u00ed interi\u00e9ru, \u010di vybaven\u00ed pr\u016fmyslov\u00fdch objekt\u016f po\u017eadovanou technologi\u00ed.\u00a0<strong>Realizujeme ve\u0161ker\u00e9 zak\u00e1zky v oboru pozemn\u00edch staveb.<\/strong>\u00a0Zab\u00fdv\u00e1me se jak \u00a0<strong>v\u00fdstavbou nov\u00fdch pr\u016fmyslov\u00fdch objekt\u016f, tak prodejn\u00edch a skladov\u00fdch hal a v neposledn\u00ed \u0159ad\u011b realizujeme rekonstrukce objekt\u016f, v\u010detn\u011b historick\u00fdch budov.<\/strong><\/p>\n<p style=\"text-align: justify;\">V p\u0159\u00edpad\u011b jak\u00fdchkoli dotaz\u016f V\u00e1s r\u00e1di p\u0159iv\u00edt\u00e1me <span style=\"text-decoration: underline;\"><span style=\"color: #ff0000; text-decoration: underline;\"><a title=\"Kontakt\" href=\"http:\/\/www.kastachocen.cz\/?page_id=15\"><span style=\"color: #ff0000; text-decoration: underline;\">v na\u0161\u00ed kancel\u00e1\u0159i<\/span><\/a>.<\/span><\/span><\/p>\n<p style=\"text-align: justify;\"><span style=\"color: #ff0000;\">Na proveden\u00ed<\/span><span style=\"color: #ff0000;\"> ve\u0161ke<\/span><span style=\"color: #ff0000;\">r\u00fdch<\/span><span style=\"color: #ff0000;\"> na\u0161ich prac\u00ed V\u00e1m r\u00e1di\u00a0 vyhotov\u00edme cenovou nab\u00eddku.<\/span><\/p>\n<p style=\"text-align: justify;\"><strong>SLU\u017dBY<\/strong><\/p>\n<ul>\n<li><strong>Realizace nov\u00fdch pozemn\u00edch staveb<\/strong> \u2013 rodinn\u00e9 domy, bytov\u00e9 domy, stavby ob\u010dansk\u00e9 vybavenosti, zem\u011bd\u011blsk\u00e9 stavby, stavby pr\u016fmyslov\u00fdch objekt\u016f, skladov\u00e9 haly.<\/li>\n<li><strong>Spodn\u00ed stavby pro d\u0159evostavby<\/strong><\/li>\n<li><strong>Rekonstrukce a \u00fadr\u017ebu staveb v\u010detn\u011b staveb historick\u00e9ho v\u00fdznamu<\/strong><\/li>\n<li><strong>Sanace objekt\u016f<\/strong> (zejm\u00e9na \u0159e\u0161en\u00ed nadm\u011brn\u00e9 vlhkosti zdiva)<\/li>\n<li><strong>Zateplov\u00e1n\u00ed objekt\u016f<\/strong> (spole\u010dnost je zaps\u00e1na v Seznamu odborn\u00fdch dodavatel\u016f SF\u017dP \u010cR v dota\u010dn\u00edm programu Zelen\u00e1 \u00faspor\u00e1m)<\/li>\n<li><strong>Bourac\u00ed pr\u00e1ce v\u010detn\u011b odvozu a likvidace sut\u011b<\/strong><\/li>\n<li><strong>Mont\u00e1\u017ee keramick\u00fdch obklad\u016f a dla\u017eeb<\/strong><\/li>\n<li><strong>S\u00e1drokarton\u00e1\u0159sk\u00e9 pr\u00e1ce<\/strong><\/li>\n<li><strong>Vn\u011bj\u0161\u00ed \u00fapravy objekt\u016f<\/strong> (zpevn\u011bn\u00e9 plochy, oplocen\u00ed, ter\u00e9nn\u00ed \u00fapravy,\u2026..)<\/li>\n<li><strong>Zemn\u00ed pr\u00e1ce<\/strong><\/li>\n<li><strong>Poradenskou a konsulta\u010dn\u00ed \u010dinnost<\/strong><\/li>\n<\/ul>\n<div class=\"grid col-380\">\r\n\t<div class=\"slideshow_container slideshow_container_style-light\" style=\"height: 279px; max-width: 372px;\" data-slideshow-id=\"79\" data-style-name=\"style-light\" data-style-version=\"2.3.1\" >\r\n\r\n\t\t\t\t\t<div class=\"slideshow_loading_icon\"><\/div>\r\n\t\t\r\n\t\t<div class=\"slideshow_content\" style=\"display: none;\">\r\n\r\n\t\t\t<div class=\"slideshow_view\">\r\n\t\t\t\t<div class=\"slideshow_slide slideshow_slide_image\">\r\n\t\t\t\t\t\t\t\t\t\t\t<img src=\"https:\/\/www.kastachocen.cz\/wp-content\/uploads\/2013\/02\/bbb-c728237060.jpg\" alt=\"Rodinn\u00fd d\u016fm\" width=\"500\" height=\"375\" \/>\r\n\t\t\t\t\t\t\t\t\t\t<div class=\"slideshow_description_box slideshow_transparent\">\r\n\t\t\t\t\t\t<div class=\"slideshow_title\">Rodinn\u00fd d\u016fm<\/div>\t\t\t\t\t\t<div class=\"slideshow_description\">V\u00fdstavba rodinn\u00fdch dom\u016f<\/div>\t\t\t\t\t<\/div>\r\n\t\t\t\t<\/div>\r\n\r\n\t\t\t\t\t\t<div style=\"clear: both;\"><\/div><\/div>\r\n\t\t<\/div>\r\n\r\n\t\t<div class=\"slideshow_controlPanel slideshow_transparent\" style=\"display: none;\"><ul><li class=\"slideshow_togglePlay\" data-play-text=\"Play\" data-pause-text=\"Pause\"><\/li><\/ul><\/div>\r\n\r\n\t\t<div class=\"slideshow_button slideshow_previous slideshow_transparent\" role=\"button\" data-previous-text=\"Previous\" style=\"display: none;\"><\/div>\r\n\t\t<div class=\"slideshow_button slideshow_next slideshow_transparent\" role=\"button\" data-next-text=\"Next\" style=\"display: none;\"><\/div>\r\n\r\n\t\t<div class=\"slideshow_pagination\" style=\"display: none;\" data-go-to-text=\"Go to slide\"><div class=\"slideshow_pagination_center\"><\/div><\/div>\r\n\r\n\t\t<!-- WordPress Slideshow Version 2.3.1 -->\r\n\r\n\t\t\t<\/div>\r\n\r\n<\/div>\n<div class=\"grid col-460 fit\">\n<p><strong>Na\u0161e slu\u017eby jsme realizovali nap\u0159\u00edklad ve m\u011bstech:<\/strong><\/p>\n<ul>\n<li>Choce\u0148<\/li>\n<li>Vysok\u00e9 M\u00fdto<\/li>\n<li>T\u00fdni\u0161t\u011b nad Orlic\u00ed<\/li>\n<li>\u00dast\u00ed nad Orlic\u00ed<\/li>\n<li>\u017damberk<\/li>\n<li>Rychnov nad Kn\u011b\u017enou<\/li>\n<li>\u010cesk\u00e1 T\u0159ebov\u00e1<\/li>\n<\/ul>\n<p>Konkr\u00e9tn\u00ed realizace najdete v na\u0161ich\u00a0<a title=\"reference\" href=\".\/reference\">referenc\u00edch<\/a>.<\/p>\n<\/div>\n<div class=\"grid col-940\">\n<h3>Na\u0161e mechanizace<\/h3>\n<ul>\n<li><strong>traktor bagr JCB 3CX<\/strong>, vybaven\u00fd l\u017e\u00edcemi o \u0161\u00ed\u0159ce 30cm, 60cm, nakl\u00e1dac\u00ed l\u017e\u00edc\u00ed o objemu 1m3, svahovac\u00ed l\u017e\u00edc\u00ed o \u0161\u00ed\u0159i 1,5m a paletiza\u010dn\u00edmi vidlemi. Hloubkov\u00fd dosah teleskopick\u00e9ho ramene je 5.50m.<\/li>\n<li>smykov\u00fd naklada\u010d <strong>New Holland L185<\/strong><\/li>\n<li><strong>n\u00e1kladn\u00ed automobil\u00a0DAF<\/strong><\/li>\n<li>T<strong>eleskopick\u00fd manipul\u00e1tor Manitou MT 1840<\/strong> s dosahem 18m + mont\u00e1\u017en\u00ed plo\u0161ina.<\/li>\n<li>vibra\u010dn\u00ed a hutn\u00edc\u00ed technika<\/li>\n<li>r\u00e1mov\u00e9 le\u0161en\u00ed ALFIX<\/li>\n<li>a drobn\u00e1 stavebn\u00ed mechanizace<\/li>\n<\/ul>\n<\/div>\n<div class=\"grid col-460\">\n<p style=\"text-align: left;\">Traktor &#8211; bagr\u00a0 <strong>JCB 3CX<\/strong><\/p>\n<p><a href=\"http:\/\/www.kastachocen.cz\/wp-content\/uploads\/2016\/11\/66368.htm.jpg\"><img loading=\"lazy\" width=\"640\" height=\"480\" class=\"size-medium wp-image-215 alignleft\" src=\"http:\/\/www.kastachocen.cz\/wp-content\/uploads\/2016\/11\/66368.htm.jpg\" alt=\"66368.htm\" srcset=\"https:\/\/www.kastachocen.cz\/wp-content\/uploads\/2016\/11\/66368.htm.jpg 640w, https:\/\/www.kastachocen.cz\/wp-content\/uploads\/2016\/11\/66368.htm-300x225.jpg 300w\" sizes=\"(max-width: 640px) 100vw, 640px\" \/><\/a><\/p>\n<\/div>\n<div class=\"grid col-460 fit\">\n<p style=\"text-align: left;\">Naklada\u010d <strong>New Holland L185<\/strong><\/p>\n<p><img loading=\"lazy\" width=\"350\" height=\"350\" class=\"size-medium wp-image-209 alignleft\" src=\"http:\/\/www.kastachocen.cz\/wp-content\/uploads\/2016\/11\/NEW-HOLLAND-L185.jpg\" alt=\"NEW HOLLAND L185\" srcset=\"https:\/\/www.kastachocen.cz\/wp-content\/uploads\/2016\/11\/NEW-HOLLAND-L185.jpg 350w, https:\/\/www.kastachocen.cz\/wp-content\/uploads\/2016\/11\/NEW-HOLLAND-L185-150x150.jpg 150w, https:\/\/www.kastachocen.cz\/wp-content\/uploads\/2016\/11\/NEW-HOLLAND-L185-300x300.jpg 300w\" sizes=\"(max-width: 350px) 100vw, 350px\" \/><\/p>\n<\/div>\n","protected":false},"excerpt":{"rendered":"<p>C\u00edlem na\u0161\u00ed firmy je dosa\u017een\u00ed vysok\u00e9 kvality nab\u00edzen\u00fdch slu\u017eeb a spokojenost z\u00e1kazn\u00edka. P\u0159esv\u011bd\u010dte se o kvalit\u011b na\u0161ich slu\u017eeb, op\u00edraj\u00edc\u00edch se o rozumnou cenovou \u00farove\u0148, solidnost, kvalitu proveden\u00e9 pr\u00e1ce a dodr\u017eov\u00e1n\u00ed term\u00edn\u016f realizace\u00a0v na\u0161ich referenc\u00edch. Zam\u011b\u0159ujeme se p\u0159edev\u0161\u00edm na\u00a0realizaci staveb &#8222;na<span class=\"ellipsis\">&hellip;<\/span><\/p>\n<div class=\"read-more\"><a href=\"https:\/\/www.kastachocen.cz\/?page_id=6\">Dozv\u011bd\u011bt se v\u00edc &#8250;<\/a><\/div>\n<p><!-- end of .read-more --><\/p>\n","protected":false},"author":1,"featured_media":0,"parent":0,"menu_order":0,"comment_status":"closed","ping_status":"closed","template":"full-width-page.php","meta":[],"_links":{"self":[{"href":"https:\/\/www.kastachocen.cz\/index.php?rest_route=\/wp\/v2\/pages\/6"}],"collection":[{"href":"https:\/\/www.kastachocen.cz\/index.php?rest_route=\/wp\/v2\/pages"}],"about":[{"href":"https:\/\/www.kastachocen.cz\/index.php?rest_route=\/wp\/v2\/types\/page"}],"author":[{"embeddable":true,"href":"https:\/\/www.kastachocen.cz\/index.php?rest_route=\/wp\/v2\/users\/1"}],"replies":[{"embeddable":true,"href":"https:\/\/www.kastachocen.cz\/index.php?rest_route=%2Fwp%2Fv2%2Fcomments&post=6"}],"version-history":[{"count":57,"href":"https:\/\/www.kastachocen.cz\/index.php?rest_route=\/wp\/v2\/pages\/6\/revisions"}],"predecessor-version":[{"id":365,"href":"https:\/\/www.kastachocen.cz\/index.php?rest_route=\/wp\/v2\/pages\/6\/revisions\/365"}],"wp:attachment":[{"href":"https:\/\/www.kastachocen.cz\/index.php?rest_route=%2Fwp%2Fv2%2Fmedia&parent=6"}],"curies":[{"name":"wp","href":"https:\/\/api.w.org\/{rel}","templated":true}]}}