{"id":9,"date":"2013-02-04T13:01:31","date_gmt":"2013-02-04T13:01:31","guid":{"rendered":"http:\/\/www.kastachocen.cz\/?page_id=9"},"modified":"2016-12-08T09:52:35","modified_gmt":"2016-12-08T09:52:35","slug":"reference","status":"publish","type":"page","link":"https:\/\/www.kastachocen.cz\/?page_id=9","title":{"rendered":"Reference"},"content":{"rendered":"<p>Stavebn\u00ed firma Kasta, spol. s r.o. realizuje<strong> zak\u00e1zky ji\u017e od roku 1991. <\/strong>Prov\u00e1d\u00edme<strong> ve\u0161ker\u00e9 stavebn\u00ed pr\u00e1ce, p\u0159esv\u011bd\u010dte\u00a0<\/strong>se a prohl\u00e9dn\u011bte si n\u011bkter\u00e9 na\u0161e <strong>vybran\u00e9 reference.<\/strong><\/p>\n<div class=\"grid col-940\">\n<h3>Rodinn\u00e9 domy<\/h3>\n<\/div>\n<div class=\"grid col-300\">\n<a href=\"http:\/\/www.kastachocen.cz\/wp-content\/uploads\/2013\/02\/P1000236.jpg\"><img loading=\"lazy\" src=\"http:\/\/www.kastachocen.cz\/wp-content\/uploads\/2013\/02\/P1000236.jpg\" alt=\"Rodinn\u00fd d\u016fm Choce\u0148\" width=\"800\" height=\"600\"\/><\/a><\/p>\n<div class=\"popisek\"><strong>Rodinn\u00fd d\u016fm,<\/strong> Choce\u0148<\/div>\n<\/div>\n<div class=\"grid col-300\">\n<a href=\"http:\/\/www.kastachocen.cz\/wp-content\/uploads\/2013\/02\/aaa-2967955af3.jpg\"><img loading=\"lazy\" src=\"http:\/\/www.kastachocen.cz\/wp-content\/uploads\/2013\/02\/aaa-2967955af3.jpg\" alt=\"Rodinn\u00fd d\u016fm Choce\u0148\" width=\"500\" height=\"375\"\/><\/a><\/p>\n<div class=\"popisek\"><strong>Rodinn\u00fd d\u016fm,<\/strong> Choce\u0148<strong><\/strong><\/div>\n<\/div>\n<div class=\"grid col-300 fit\">\n<a href=\"http:\/\/www.kastachocen.cz\/wp-content\/uploads\/2013\/02\/P1000341.jpg\"><img loading=\"lazy\" src=\"http:\/\/www.kastachocen.cz\/wp-content\/uploads\/2013\/02\/P1000341.jpg\" alt=\"Rodinn\u00fd d\u016fm Choce\u0148\" width=\"800\" height=\"600\"\/><\/a><\/p>\n<div class=\"popisek\"><strong>Rodinn\u00fd d\u016fm,<\/strong> Choce\u0148<br \/>\n<strong><\/strong><\/div>\n<\/div>\n<div class=\"grid col-300\">\n<a href=\"http:\/\/www.kastachocen.cz\/wp-content\/uploads\/2013\/02\/P1000347.jpg\"><img loading=\"lazy\" src=\"http:\/\/www.kastachocen.cz\/wp-content\/uploads\/2013\/02\/P1000347.jpg\" alt=\"Rodinn\u00fd d\u016fm Choce\u0148\" width=\"800\" height=\"600\" \/><\/a><\/p>\n<div class=\"popisek\"><strong>Rodinn\u00fd d\u016fm,<\/strong> Choce\u0148<br \/>\n<strong><\/strong><\/div>\n<\/div>\n<div class=\"grid col-940\">\n<h3>Bytov\u00e9 domy<\/h3>\n<\/div>\n<div class=\"grid col-300\">\n<a href=\"http:\/\/www.kastachocen.cz\/wp-content\/uploads\/2013\/02\/P1000344.jpg\"><img loading=\"lazy\" src=\"http:\/\/www.kastachocen.cz\/wp-content\/uploads\/2013\/02\/P1000344.jpg\" alt=\"Bytov\u00fd d\u016fm, Choce\u0148\" width=\"800\" height=\"600\"\/><\/a><\/p>\n<div class=\"popisek\"><strong>Bytov\u00fd d\u016fm,<\/strong> Choce\u0148<br \/>\n<strong><\/strong><\/div>\n<\/div>\n<div class=\"grid col-940\">\n<h3>Pr\u016fmyslov\u00e9 objekty<\/h3>\n<\/div>\n<div class=\"grid col-300\">\n<a href=\"http:\/\/www.kastachocen.cz\/wp-content\/uploads\/2016\/11\/Firma-Starmon-Choce\u01482.jpg\"><img src=\"http:\/\/www.kastachocen.cz\/wp-content\/uploads\/2016\/11\/Firma-Starmon-Choce\u01482-1024x768.jpg\" alt=\"Firma Starmon, Choce\u0148\" \/><\/a><\/p>\n<div class=\"popisek\"><b>Starmon, <\/b>Choce\u0148<\/div>\n<\/div>\n<div class=\"grid col-300\"><a href=\"http:\/\/www.kastachocen.cz\/wp-content\/uploads\/2016\/11\/Firma-Starmon-Choce\u0148_2.jpg\"><img src=\"http:\/\/www.kastachocen.cz\/wp-content\/uploads\/2016\/11\/Firma-Starmon-Choce\u0148_2-1024x768.jpg\" alt=\"Firma Starmon, Choce\u0148\"\/><\/a><\/p>\n<div class=\"popisek\"><b>Starmon, <\/b>Choce\u0148<\/div>\n<\/div>\n<div class=\"grid col-300 fit\">\n<a href=\"http:\/\/www.kastachocen.cz\/wp-content\/uploads\/2013\/02\/kasta-chocen-7.jpg\"><img loading=\"lazy\" src=\"http:\/\/www.kastachocen.cz\/wp-content\/uploads\/2013\/02\/kasta-chocen-7.jpg\" alt=\"Elbas Choce\u0148\" width=\"450\" height=\"300\"\/><\/a><\/p>\n<div class=\"popisek\"><b>Elbas, <\/b>Choce\u0148<\/div>\n<\/div>\n<div class=\"grid col-300\">\n<a href=\"http:\/\/www.kastachocen.cz\/wp-content\/uploads\/2013\/02\/Firma-Elektromont\u00e1\u017ee-Choce\u0148.jpg\"><img src=\"http:\/\/www.kastachocen.cz\/wp-content\/uploads\/2013\/02\/Firma-Elektromont\u00e1\u017ee-Choce\u0148-1024x397.jpg\" alt=\"Firma Elektromont\u00e1\u017ee, Choce\u0148\"\/><\/a><\/p>\n<div class=\"popisek\"><b>Elektromont\u00e1\u017ee Nov\u00e1k, <\/b>Choce\u0148<\/div>\n<\/div>\n<div class=\"grid col-940\">\n<h3>Pam\u00e1tky<\/h3>\n<\/div>\n<div class=\"grid col-300\">\n<a href=\"http:\/\/www.kastachocen.cz\/wp-content\/uploads\/2013\/02\/Kaple-Turova_2.jpg\"><img loading=\"lazy\" src=\"http:\/\/www.kastachocen.cz\/wp-content\/uploads\/2013\/02\/Kaple-Turova_2-767x1024.jpg\" alt=\"Kaple Turova_2\" width=\"550\" height=\"734\"\/><\/a><\/p>\n<div class=\"popisek\"><b>Kapli\u010dka, <\/b>Turov<br \/>\n<strong><\/strong><\/div>\n<\/div>\n<div class=\"grid col-300\">\n<a href=\"http:\/\/www.kastachocen.cz\/wp-content\/uploads\/2013\/02\/Kaple-Turova.jpg\"><img loading=\"lazy\" src=\"http:\/\/www.kastachocen.cz\/wp-content\/uploads\/2013\/02\/Kaple-Turova-768x1024.jpg\" alt=\"Kaple Turova\" width=\"550\" height=\"733\"\/><\/a><\/a><\/p>\n<div class=\"popisek\"><b>Kapli\u010dka, <\/b>Turov<br \/>\n<strong><\/strong><\/div>\n<\/div>\n<div class=\"grid col-300 fit\">\n<a href=\"http:\/\/www.kastachocen.cz\/wp-content\/uploads\/2013\/02\/P1000351.jpg\"><img loading=\"lazy\" src=\"http:\/\/www.kastachocen.cz\/wp-content\/uploads\/2013\/02\/P1000351.jpg\" alt=\"Kapli\u010dka, Z\u00e1\u0159eck\u00e1 Lhota\" width=\"450\" height=\"600\"\/><\/a><\/p>\n<div class=\"popisek\"><b>Kapli\u010dka, <\/b>Z\u00e1\u0159eck\u00e1 Lhota<br \/>\n<strong><\/strong><\/div>\n<\/div>\n<div class=\"grid col-940\">\n<h3>Z\u00e1mkov\u00e9 a venkovn\u00ed dla\u017eby<\/h3>\n<\/div>\n<div class=\"grid col-300\">\n<a href=\"http:\/\/www.kastachocen.cz\/wp-content\/uploads\/2016\/11\/Venkovn\u00ed-schody-DDM-Choce\u0148.jpg\"><img loading=\"lazy\" src=\"http:\/\/www.kastachocen.cz\/wp-content\/uploads\/2016\/11\/Venkovn\u00ed-schody-DDM-Choce\u0148-1024x768.jpg\" alt=\"Venkovn\u00ed schody DDM, Choce\u0148\" width=\"550\" height=\"412\" class=\"alignnone size-large wp-image-303\" srcset=\"https:\/\/www.kastachocen.cz\/wp-content\/uploads\/2016\/11\/Venkovn\u00ed-schody-DDM-Choce\u0148-1024x768.jpg 1024w, https:\/\/www.kastachocen.cz\/wp-content\/uploads\/2016\/11\/Venkovn\u00ed-schody-DDM-Choce\u0148-300x225.jpg 300w, https:\/\/www.kastachocen.cz\/wp-content\/uploads\/2016\/11\/Venkovn\u00ed-schody-DDM-Choce\u0148.jpg 1920w\" sizes=\"(max-width: 550px) 100vw, 550px\" \/><\/a><\/p>\n<div class=\"popisek\"><strong>Venkovn\u00ed schody DDM, <\/strong>Choce\u0148<\/div>\n<\/div>\n<div class=\"grid col-940\">\n<h3>Ostatn\u00ed objekty<\/h3>\n<\/div>\n<div class=\"grid col-300\">\n<a href=\"http:\/\/www.kastachocen.cz\/wp-content\/uploads\/2013\/02\/nadpis-c-d245089382.jpg\"><img loading=\"lazy\" src=\"http:\/\/www.kastachocen.cz\/wp-content\/uploads\/2013\/02\/nadpis-c-d245089382.jpg\" alt=\"Vesna Choce\u0148, oprava fasady\" width=\"500\" height=\"375\" class=\"alignnone size-full wp-image-70\" srcset=\"https:\/\/www.kastachocen.cz\/wp-content\/uploads\/2013\/02\/nadpis-c-d245089382.jpg 500w, https:\/\/www.kastachocen.cz\/wp-content\/uploads\/2013\/02\/nadpis-c-d245089382-300x225.jpg 300w\" sizes=\"(max-width: 500px) 100vw, 500px\" \/><\/a><\/p>\n<div class=\"popisek\"><strong>Vesna, <\/strong>Choce\u0148<\/div>\n<\/div>\n<div class=\"grid col-300\">\n<a href=\"http:\/\/www.kastachocen.cz\/wp-content\/uploads\/2013\/02\/Obecn\u00ed-\u00fa\u0159ad-Kold\u00edn1.jpg\"><img loading=\"lazy\" src=\"http:\/\/www.kastachocen.cz\/wp-content\/uploads\/2013\/02\/Obecn\u00ed-\u00fa\u0159ad-Kold\u00edn1-1024x446.jpg\" alt=\"Obecn\u00ed \u00fa\u0159ad Kold\u00edn\" width=\"550\" height=\"239\" class=\"alignnone size-large wp-image-304\" srcset=\"https:\/\/www.kastachocen.cz\/wp-content\/uploads\/2013\/02\/Obecn\u00ed-\u00fa\u0159ad-Kold\u00edn1-1024x446.jpg 1024w, https:\/\/www.kastachocen.cz\/wp-content\/uploads\/2013\/02\/Obecn\u00ed-\u00fa\u0159ad-Kold\u00edn1-300x130.jpg 300w, https:\/\/www.kastachocen.cz\/wp-content\/uploads\/2013\/02\/Obecn\u00ed-\u00fa\u0159ad-Kold\u00edn1.jpg 1920w\" sizes=\"(max-width: 550px) 100vw, 550px\" \/><\/a><\/p>\n<div class=\"popisek\"><strong>O\u00da, <\/strong>Kold\u00edn<\/div>\n<\/div>\n","protected":false},"excerpt":{"rendered":"<p>Stavebn\u00ed firma Kasta, spol. s r.o. realizuje zak\u00e1zky ji\u017e od roku 1991. Prov\u00e1d\u00edme ve\u0161ker\u00e9 stavebn\u00ed pr\u00e1ce, p\u0159esv\u011bd\u010dte\u00a0se a prohl\u00e9dn\u011bte si n\u011bkter\u00e9 na\u0161e vybran\u00e9 reference. Rodinn\u00e9 domy Rodinn\u00fd d\u016fm, Choce\u0148 Rodinn\u00fd d\u016fm, Choce\u0148 Rodinn\u00fd d\u016fm, Choce\u0148 Rodinn\u00fd d\u016fm, Choce\u0148 Bytov\u00e9 domy<span class=\"ellipsis\">&hellip;<\/span><\/p>\n<div class=\"read-more\"><a href=\"https:\/\/www.kastachocen.cz\/?page_id=9\">Dozv\u011bd\u011bt se v\u00edc &#8250;<\/a><\/div>\n<p><!-- end of .read-more --><\/p>\n","protected":false},"author":1,"featured_media":0,"parent":0,"menu_order":0,"comment_status":"closed","ping_status":"closed","template":"full-width-page.php","meta":[],"_links":{"self":[{"href":"https:\/\/www.kastachocen.cz\/index.php?rest_route=\/wp\/v2\/pages\/9"}],"collection":[{"href":"https:\/\/www.kastachocen.cz\/index.php?rest_route=\/wp\/v2\/pages"}],"about":[{"href":"https:\/\/www.kastachocen.cz\/index.php?rest_route=\/wp\/v2\/types\/page"}],"author":[{"embeddable":true,"href":"https:\/\/www.kastachocen.cz\/index.php?rest_route=\/wp\/v2\/users\/1"}],"replies":[{"embeddable":true,"href":"https:\/\/www.kastachocen.cz\/index.php?rest_route=%2Fwp%2Fv2%2Fcomments&post=9"}],"version-history":[{"count":77,"href":"https:\/\/www.kastachocen.cz\/index.php?rest_route=\/wp\/v2\/pages\/9\/revisions"}],"predecessor-version":[{"id":333,"href":"https:\/\/www.kastachocen.cz\/index.php?rest_route=\/wp\/v2\/pages\/9\/revisions\/333"}],"wp:attachment":[{"href":"https:\/\/www.kastachocen.cz\/index.php?rest_route=%2Fwp%2Fv2%2Fmedia&parent=9"}],"curies":[{"name":"wp","href":"https:\/\/api.w.org\/{rel}","templated":true}]}}